{"id":5,"date":"2022-02-01T09:35:39","date_gmt":"2022-02-01T09:35:39","guid":{"rendered":"https:\/\/apunachi.org\/?page_id=5"},"modified":"2022-02-02T09:35:13","modified_gmt":"2022-02-02T14:35:13","slug":"crea-tu-web-con-bloques","status":"publish","type":"page","link":"https:\/\/apunachi.org\/","title":{"rendered":"Pagina Principal"},"content":{"rendered":"\n<h2 class=\"alignwide has-text-align-center has-text-align-wide wp-block-heading\" id=\"bienvenidos\" style=\"font-style:italic;font-weight:900;line-height:1.1\">Bienvenidos<\/h2>\n\n\n\n<div style=\"height:50px\" aria-hidden=\"true\" class=\"wp-block-spacer\"><\/div>\n\n\n\n<figure class=\"wp-block-image size-large is-resized is-style-twentytwentyone-border\"><img loading=\"lazy\" decoding=\"async\" src=\"https:\/\/apunachi.org\/wp-content\/uploads\/2022\/02\/apunachi-1024x524.jpg\" alt=\"\" class=\"wp-image-29\" width=\"768\" height=\"393\" srcset=\"https:\/\/apunachi.org\/wp-content\/uploads\/2022\/02\/apunachi-1024x524.jpg 1024w, https:\/\/apunachi.org\/wp-content\/uploads\/2022\/02\/apunachi-300x154.jpg 300w, https:\/\/apunachi.org\/wp-content\/uploads\/2022\/02\/apunachi-768x393.jpg 768w, https:\/\/apunachi.org\/wp-content\/uploads\/2022\/02\/apunachi.jpg 1200w\" sizes=\"auto, (max-width: 768px) 100vw, 768px\" \/><figcaption>Proclamaci\u00f3n de la Junta Directiva<\/figcaption><\/figure>\n\n\n\n<p>Desde la Junta Directiva le damos la bienvenida a este espacio, creado para mantener una comunicaci\u00f3n fluida y cercana con cada uno de ustedes, agremiados, comunidad universitaria y sociedad en general.<\/p>\n\n\n\n<div class=\"wp-block-columns alignwide are-vertically-aligned-top is-layout-flex wp-container-core-columns-is-layout-9d6595d7 wp-block-columns-is-layout-flex\">\n<div class=\"wp-block-column is-vertically-aligned-top is-layout-flow wp-block-column-is-layout-flow\">\n<h3 class=\"wp-block-heading\" id=\"mision\">Misi\u00f3n<\/h3>\n\n\n\n<p class=\"has-drop-cap\">Brindar respaldo, seguridad y bienestar social a sus agremiados mediante gestiones tendiente a la soluci\u00f3n de problemas, adem\u00e1s de realizar actividades que promuevan la soluci\u00f3n del crecimiento acad\u00e9mico, econ\u00f3mico y tecnol\u00f3gico e investigativo de sus miembros<\/p>\n<\/div>\n\n\n\n<div class=\"wp-block-column is-vertically-aligned-top is-layout-flow wp-block-column-is-layout-flow\">\n<h3 class=\"wp-block-heading\" id=\"vision\">Visi\u00f3n<\/h3>\n\n\n\n<p class=\"has-drop-cap\">Proyectarse como una asociaci\u00f3n modelo en la Rep\u00fablica de Panam\u00e1, preocupada por los intereses de sus agremiados y garante de principios y valores que enaltecen al hombre en cualquier contexto de la sociedad<\/p>\n<\/div>\n\n\n\n<div class=\"wp-block-column is-vertically-aligned-top is-layout-flow wp-block-column-is-layout-flow\">\n<h3 class=\"wp-block-heading\" id=\"valores\">Valores<\/h3>\n\n\n\n<ul class=\"wp-block-list\"><li>Esp\u00edritu altruista<\/li><li>Sentido de pertenencia<\/li><li>Responsabilidad<\/li><li>Solidaridad<\/li><li>Compromiso<\/li><li>Transparencia<\/li><li>Equidad<\/li><li>\u00c9tica profesional<\/li><li>Integridad<\/li><\/ul>\n<\/div>\n<\/div>\n\n\n\n<div class=\"wp-block-group\"><div class=\"wp-block-group__inner-container is-layout-flow wp-block-group-is-layout-flow\">\n<h3 class=\"wp-block-heading\" id=\"inscribete-ya\">Inscribete YA!<\/h3>\n\n\n\n<p>Ac\u00e9rcate a la oficina, rellena y firma el <a href=\"https:\/\/apunachi.org\/wp-content\/uploads\/2022\/02\/formularioInscripcion.pdf\" target=\"_blank\" rel=\"noreferrer noopener\">formulario de inscripci\u00f3n<\/a>.<br>La <strong>uni\u00f3n hace la fuerza<\/strong> y junto podremos lograr grandes objetivos, para el beneficio com\u00fan del gremio y la sociedad.<\/p>\n<\/div><\/div>\n","protected":false},"excerpt":{"rendered":"<p>Bienvenidos Desde la Junta Directiva le damos la bienvenida a este espacio, creado para mantener una comunicaci\u00f3n fluida y cercana con cada uno de ustedes, agremiados, comunidad universitaria y sociedad en general. Misi\u00f3n Brindar respaldo, seguridad y bienestar social a sus agremiados mediante gestiones tendiente a la soluci\u00f3n de problemas, adem\u00e1s de realizar actividades que&hellip; <a class=\"more-link\" href=\"https:\/\/apunachi.org\/\">Seguir leyendo <span class=\"screen-reader-text\">Pagina Principal<\/span><\/a><\/p>\n","protected":false},"author":1,"featured_media":0,"parent":0,"menu_order":0,"comment_status":"closed","ping_status":"closed","template":"","meta":{"footnotes":""},"class_list":["post-5","page","type-page","status-publish","hentry","entry"],"_links":{"self":[{"href":"https:\/\/apunachi.org\/index.php\/wp-json\/wp\/v2\/pages\/5","targetHints":{"allow":["GET"]}}],"collection":[{"href":"https:\/\/apunachi.org\/index.php\/wp-json\/wp\/v2\/pages"}],"about":[{"href":"https:\/\/apunachi.org\/index.php\/wp-json\/wp\/v2\/types\/page"}],"author":[{"embeddable":true,"href":"https:\/\/apunachi.org\/index.php\/wp-json\/wp\/v2\/users\/1"}],"replies":[{"embeddable":true,"href":"https:\/\/apunachi.org\/index.php\/wp-json\/wp\/v2\/comments?post=5"}],"version-history":[{"count":11,"href":"https:\/\/apunachi.org\/index.php\/wp-json\/wp\/v2\/pages\/5\/revisions"}],"predecessor-version":[{"id":67,"href":"https:\/\/apunachi.org\/index.php\/wp-json\/wp\/v2\/pages\/5\/revisions\/67"}],"wp:attachment":[{"href":"https:\/\/apunachi.org\/index.php\/wp-json\/wp\/v2\/media?parent=5"}],"curies":[{"name":"wp","href":"https:\/\/api.w.org\/{rel}","templated":true}]}}