{"id":6,"date":"2022-02-01T09:35:39","date_gmt":"2022-02-01T09:35:39","guid":{"rendered":"https:\/\/apunachi.org\/?page_id=6"},"modified":"2022-02-01T13:53:09","modified_gmt":"2022-02-01T13:53:09","slug":"acerca-de","status":"publish","type":"page","link":"https:\/\/apunachi.org\/index.php\/acerca-de\/","title":{"rendered":"Acerca de"},"content":{"rendered":"\n<p>La Asociaci\u00f3n de Profesores de la UNACHI &#8211; <strong>APUNACHI<\/strong>, es una entidad que re\u00fane al gremio docente, para trabajar en conjunto por el logro de grandes objetivos en el \u00e1mbito acad\u00e9mico y social&#8230;<\/p>\n","protected":false},"excerpt":{"rendered":"<p>La Asociaci\u00f3n de Profesores de la UNACHI &#8211; APUNACHI, es una entidad que re\u00fane al gremio docente, para trabajar en conjunto por el logro de grandes objetivos en el \u00e1mbito acad\u00e9mico y social&#8230;<\/p>\n","protected":false},"author":1,"featured_media":0,"parent":0,"menu_order":0,"comment_status":"closed","ping_status":"closed","template":"","meta":{"footnotes":""},"class_list":["post-6","page","type-page","status-publish","hentry","entry"],"_links":{"self":[{"href":"https:\/\/apunachi.org\/index.php\/wp-json\/wp\/v2\/pages\/6","targetHints":{"allow":["GET"]}}],"collection":[{"href":"https:\/\/apunachi.org\/index.php\/wp-json\/wp\/v2\/pages"}],"about":[{"href":"https:\/\/apunachi.org\/index.php\/wp-json\/wp\/v2\/types\/page"}],"author":[{"embeddable":true,"href":"https:\/\/apunachi.org\/index.php\/wp-json\/wp\/v2\/users\/1"}],"replies":[{"embeddable":true,"href":"https:\/\/apunachi.org\/index.php\/wp-json\/wp\/v2\/comments?post=6"}],"version-history":[{"count":3,"href":"https:\/\/apunachi.org\/index.php\/wp-json\/wp\/v2\/pages\/6\/revisions"}],"predecessor-version":[{"id":40,"href":"https:\/\/apunachi.org\/index.php\/wp-json\/wp\/v2\/pages\/6\/revisions\/40"}],"wp:attachment":[{"href":"https:\/\/apunachi.org\/index.php\/wp-json\/wp\/v2\/media?parent=6"}],"curies":[{"name":"wp","href":"https:\/\/api.w.org\/{rel}","templated":true}]}}